{"id":76,"date":"2015-10-01T14:43:48","date_gmt":"2015-10-01T12:43:48","guid":{"rendered":"https:\/\/www.landhotel-stern.de\/en\/impressum\/"},"modified":"2016-02-02T09:47:10","modified_gmt":"2016-02-02T08:47:10","slug":"imprint","status":"publish","type":"page","link":"https:\/\/www.landhotel-stern.de\/en\/imprint\/","title":{"rendered":"Imprint"},"content":{"rendered":"\n<style type=\"text\/css\" data-created_by=\"avia_inline_auto\" id=\"style-css-av-av_section-8f11f8895cff39fda5d6865fa2a71864\">\n.avia-section.av-av_section-8f11f8895cff39fda5d6865fa2a71864{\nbackground-color:#c49e61;\nbackground-image:unset;\n}\n<\/style>\n<div id='av_section_1'  class='avia-section av-av_section-8f11f8895cff39fda5d6865fa2a71864 main_color avia-section-default avia-no-shadow  avia-builder-el-0  el_before_av_textblock  avia-builder-el-first  avia-bg-style-scroll container_wrap fullsize'  ><div class='container av-section-cont-open' ><main  role=\"main\" itemprop=\"mainContentOfPage\"  class='template-page content  av-content-full alpha units'><div class='post-entry post-entry-type-page post-entry-76'><div class='entry-content-wrapper clearfix'>\n\n<style type=\"text\/css\" data-created_by=\"avia_inline_auto\" id=\"style-css-av-av_image-920fcb5c4928360a2c4eadab25fd9ddc\">\n.avia-image-container.av-av_image-920fcb5c4928360a2c4eadab25fd9ddc img.avia_image{\nbox-shadow:none;\n}\n.avia-image-container.av-av_image-920fcb5c4928360a2c4eadab25fd9ddc .av-image-caption-overlay-center{\ncolor:#ffffff;\n}\n<\/style>\n<div  class='avia-image-container av-av_image-920fcb5c4928360a2c4eadab25fd9ddc av-styling- avia_animated_image av-animated-when-visible-95 left-to-right avia-align-left  avia-builder-el-1  avia-builder-el-no-sibling '   itemprop=\"image\" itemscope=\"itemscope\" itemtype=\"https:\/\/schema.org\/ImageObject\" ><div class=\"avia-image-container-inner\"><div class=\"avia-image-overlay-wrap\"><img fetchpriority=\"high\" class='wp-image-2001 avia-img-lazy-loading-not-2001 avia_image ' src='https:\/\/www.landhotel-stern.de\/wp-content\/uploads\/2015\/10\/Wappen-zum-stern-e1443709168896.png' alt='' title='Wappen Zum Stern'  height=\"200\" width=\"141\"  itemprop=\"thumbnailUrl\"  \/><\/div><\/div><\/div>\n<\/div><\/div><\/main><!-- close content main element --><\/div><\/div><div id='after_section_1'  class='main_color av_default_container_wrap container_wrap fullsize'  ><div class='container av-section-cont-open' ><div class='template-page content  av-content-full alpha units'><div class='post-entry post-entry-type-page post-entry-76'><div class='entry-content-wrapper clearfix'>\n<section  class='av_textblock_section av-av_textblock-0366cc7376be6c9e82a3e9cc8987b64f '   itemscope=\"itemscope\" itemtype=\"https:\/\/schema.org\/CreativeWork\" ><div class='avia_textblock'  itemprop=\"text\" ><p>F\u00fcr die Inhalte der Website www.landhotel-stern.de ist im Sinne von \u00a76 MDStV verantwortlich<\/p>\n<p>Gasthof-Landhotel-Metzgerei \u201eZum Stern\u201c<br \/>\nFamilie Dieter Baumann<br \/>\nHauptstra\u00dfe 41<br \/>\n63924 R\u00fcdenau bei Miltenberg<\/p>\n<p>Fon +49 (0) 9371-2834<br \/>\nFax +49 (0) 9371-69363<br \/>\n<a href=\"mailto:info@landhotel-stern.de\" target=\"_blank\" rel=\"noopener\">info@landhotel-stern.de<\/a><br \/>\n<a href=\"https:\/\/www.landhotel-stern.de\/en\/\">www.landhotel-stern.de<\/a><\/p>\n<p>Gesch\u00e4ftsinhaber: Dieter Baumann<br \/>\nUSt-IdNr. DE 280869557<br \/>\nAufsichtsbeh\u00f6rde: Landratsamt Miltenberg<br \/>\nEingetragen in der HWK f\u00fcr Unterfranken, W\u00fcrzburg<br \/>\nEingetragen in der IHK Aschaffenburg<br \/>\nTexte: Dieter Baumann<br \/>\nFotos: Dieter Baumann, Dietmar Ebert<\/p>\n<p><strong>Datenschutz<\/strong><br \/>\nIhre Daten werden f\u00fcr unternehmenseigene Zwecke gespeichert. Ohne Ihr ausdr\u00fcckliches Einverst\u00e4ndnis werden keine pers\u00f6nlichen Daten an Dritte weitergegeben. Es sei denn, wir sind rechtlich zur Herausgabe verpflichtet.<\/p>\n<p><strong>Urheberrechtserkl\u00e4rung<\/strong><br \/>\nS\u00e4mtliche auf dieser Homepage verwendeten Namen, Marken und Warenzeichen, auch wenn hier nicht ausdr\u00fccklich als solche gekennzeichnet, sind und bleiben Eigentum der jeweiligen Namen, Marken und Warenzeicheninhaber.<\/p>\n<p><strong>Rechtshinweis zu externen Links<\/strong><br \/>\nMit Urteil vom 12.5.1998 &#8211; 312 O 85\/98 &#8220;Haftung f\u00fcr Links&#8221; hat das Landgericht Hamburg entschieden, dass man durch die Anbringung von Links die Inhalte der gelinkten Seite ggf. mitzuverantworten hat. Dies kann nur verhindert werden, dass man sich ausdr\u00fccklich von diesem Inhalt distanziert. &#8220;Hiermit distanzieren wir uns ausdr\u00fccklich von allen Inhalten aller gelinkten Seiten auf unserer Homepage und machen uns deren Inhalte nicht zu eigen. Diese Erkl\u00e4rung gilt f\u00fcr alle Links auf unserer Homepage.&#8221;<\/p>\n<p><strong>Google Analytics<\/strong><br \/>\nDiese Website benutzt Google Analytics, einen Webanalysedienst der Google Inc. (\u201eGoogle\u201c). Google Analytics verwendet sog. \u201eCookies\u201c, Textdateien, die auf Ihrem Computer gespeichert werden und die eine Analyse der Benutzung der Website durch Sie erm\u00f6glichen. Die durch den Cookie erzeugten Informationen \u00fcber Ihre Benutzung dieser Website werden in der Regel an einen Server von Google in den USA \u00fcbertragen und dort gespeichert.<br \/>\nIm Falle der Aktivierung der IP-Anonymisierung auf dieser Webseite, wird Ihre IP-Adresse von Google jedoch innerhalb von Mitgliedstaaten der Europ\u00e4ischen Union oder in anderen Vertragsstaaten des Abkommens \u00fcber den Europ\u00e4ischen Wirtschaftsraum zuvor gek\u00fcrzt. Nur in Ausnahmef\u00e4llen wird die volle IP-Adresse an einen Server von Google in den USA \u00fcbertragen und dort gek\u00fcrzt. Die IP-Anonymisierung ist auf dieser Website aktiv. Im Auftrag des Betreibers dieser Website wird Google diese Informationen benutzen, um Ihre Nutzung der Website auszuwerten, um Reports \u00fcber die Websiteaktivit\u00e4ten zusammenzustellen und um weitere mit der Websitenutzung und der Internetnutzung verbundene Dienstleistungen gegen\u00fcber dem Websitebetreiber zu erbringen.<br \/>\nDie im Rahmen von Google Analytics von Ihrem Browser \u00fcbermittelte IP-Adresse wird nicht mit anderen Daten von Google zusammengef\u00fchrt. Sie k\u00f6nnen die Speicherung der Cookies durch eine entsprechende Einstellung Ihrer Browser-Software verhindern; wir weisen Sie jedoch darauf hin, dass Sie in diesem Fall gegebenenfalls nicht s\u00e4mtliche Funktionen dieser Website vollumf\u00e4nglich werden nutzen k\u00f6nnen. Sie k\u00f6nnen dar\u00fcber hinaus die Erfassung der durch das Cookie erzeugten und auf Ihre Nutzung der Website bezogenen Daten (inkl. Ihrer IP-Adresse) an Google sowie die Verarbeitung dieser Daten durch Google verhindern, indem sie das unter dem folgenden Link verf\u00fcgbare Browser-Plugin herunterladen und installieren: http:\/\/tools.google.com\/dlpage\/gaoptout?hl=de.<\/p>\n<p><strong>Realisierung<\/strong><br \/>\nDie Programmierung der Website www.landhotel-stern.de ist durch <a href=\"http:\/\/www.weissewiese.com\" target=\"_blank\" rel=\"noopener\">weissewiese.com<\/a> erfolgt.<\/p>\n<\/div><\/section>\n","protected":false},"excerpt":{"rendered":"","protected":false},"author":1,"featured_media":0,"parent":0,"menu_order":0,"comment_status":"closed","ping_status":"closed","template":"","meta":{"footnotes":""},"_links":{"self":[{"href":"https:\/\/www.landhotel-stern.de\/en\/wp-json\/wp\/v2\/pages\/76"}],"collection":[{"href":"https:\/\/www.landhotel-stern.de\/en\/wp-json\/wp\/v2\/pages"}],"about":[{"href":"https:\/\/www.landhotel-stern.de\/en\/wp-json\/wp\/v2\/types\/page"}],"author":[{"embeddable":true,"href":"https:\/\/www.landhotel-stern.de\/en\/wp-json\/wp\/v2\/users\/1"}],"replies":[{"embeddable":true,"href":"https:\/\/www.landhotel-stern.de\/en\/wp-json\/wp\/v2\/comments?post=76"}],"version-history":[{"count":8,"href":"https:\/\/www.landhotel-stern.de\/en\/wp-json\/wp\/v2\/pages\/76\/revisions"}],"predecessor-version":[{"id":960,"href":"https:\/\/www.landhotel-stern.de\/en\/wp-json\/wp\/v2\/pages\/76\/revisions\/960"}],"wp:attachment":[{"href":"https:\/\/www.landhotel-stern.de\/en\/wp-json\/wp\/v2\/media?parent=76"}],"curies":[{"name":"wp","href":"https:\/\/api.w.org\/{rel}","templated":true}]}}